{"id":946,"date":"2022-02-23T10:54:20","date_gmt":"2022-02-23T09:54:20","guid":{"rendered":"http:\/\/wordpress.andra.fr\/cfe-cgc\/?page_id=946"},"modified":"2023-01-25T11:26:03","modified_gmt":"2023-01-25T10:26:03","slug":"vos-avantages-adherents","status":"publish","type":"page","link":"https:\/\/cfecgc-andra.fr\/index.php\/vos-avantages-adherents\/","title":{"rendered":"Vos avantages adh\u00e9rents"},"content":{"rendered":"<p>En tant qu\u2019adh\u00e9rent \u00e0 la CFE-CGC, votre adh\u00e9sion vous permet d\u2019avoir acc\u00e8s \u00e0 de nombreux avantages :<\/p>\n<p><img loading=\"lazy\" decoding=\"async\" class=\"alignnone size-medium wp-image-1245\" src=\"https:\/\/cfecgc-andra.fr\/wp-content\/uploads\/2023\/01\/pexels-cottonbro-studio-9488422-200x300.jpg\" alt=\"\" width=\"200\" height=\"300\" srcset=\"https:\/\/cfecgc-andra.fr\/wp-content\/uploads\/2023\/01\/pexels-cottonbro-studio-9488422-200x300.jpg 200w, https:\/\/cfecgc-andra.fr\/wp-content\/uploads\/2023\/01\/pexels-cottonbro-studio-9488422-683x1024.jpg 683w, https:\/\/cfecgc-andra.fr\/wp-content\/uploads\/2023\/01\/pexels-cottonbro-studio-9488422-768x1152.jpg 768w, https:\/\/cfecgc-andra.fr\/wp-content\/uploads\/2023\/01\/pexels-cottonbro-studio-9488422-1024x1536.jpg 1024w, https:\/\/cfecgc-andra.fr\/wp-content\/uploads\/2023\/01\/pexels-cottonbro-studio-9488422-1365x2048.jpg 1365w, https:\/\/cfecgc-andra.fr\/wp-content\/uploads\/2023\/01\/pexels-cottonbro-studio-9488422-scaled.jpg 1707w\" sizes=\"auto, (max-width: 200px) 100vw, 200px\" \/><\/p>\n<p><strong>Au niveau de la section Andra :<\/strong><\/p>\n<ul>\n<li>la possibilit\u00e9 d&rsquo;avoir une information tr\u00e8s r\u00e9guli\u00e8res de toutes les actualit\u00e9s sociales dans l&rsquo;Entreprise<\/li>\n<li>la possibilit\u00e9 de n\u00e9gocier au nom de la CFE-CGC, sur les accords qui vous concerne particuli\u00e8rement si vous le souhaitez<\/li>\n<li>La possibilit\u00e9 de participer \u00e0 la d\u00e9cision de signature ou non d&rsquo;un accord en fin de n\u00e9gociation par la CFE-CGC<\/li>\n<li>la priorit\u00e9 pour figurer sur les listes CFE-CGC lors des \u00e9lections si vous souhaitez avoir un mandat social \u00e0 l&rsquo;Agence.<\/li>\n<li>et enfin la possibilit\u00e9 de solliciter un r\u00e9seau interne de salari\u00e9s Andra pr\u00e9sent sur tous les sites et dans de nombreuses directions<\/li>\n<\/ul>\n<p><strong>Au niveau du Sictam :<\/strong><\/p>\n<ul>\n<li>la possibilit\u00e9 d&rsquo;avoir des information tr\u00e8s r\u00e9guli\u00e8res sur l&rsquo;actualit\u00e9 au sein du CEA,\u00a0 de l&rsquo;IRSN, des autres acteurs du nucl\u00e9aires, des autres EPICs&#8230;<\/li>\n<li>la possibilit\u00e9 de profiter du r\u00e9seau Sictam pour contacter un acteur local dans une autre entreprise qui peut vous appuyer dans vos d\u00e9marche<\/li>\n<\/ul>\n<p><strong>Au niveau F\u00e9d\u00e9ral et conf\u00e9d\u00e9ral:<\/strong><\/p>\n<p>vous trouverez un rappel des principaux dispositifs mis en place par la f\u00e9d\u00e9ration et la conf\u00e9d\u00e9ration ci-dessous.<\/p>\n<ul>\n<li><a href=\"http:\/\/wordpress.andra.fr\/cfe-cgc\/assistance-juridique\/\">Assistance juridique<\/a><\/li>\n<li><a href=\"http:\/\/wordpress.andra.fr\/cfe-cgc\/soutien-scolaire\/\">Aide aux devoirs<\/a><\/li>\n<li><a href=\"http:\/\/wordpress.andra.fr\/cfe-cgc\/partenariat-bosch-siemens\/\">Partenariat Bosch-Siemens<\/a><\/li>\n<li><a href=\"http:\/\/wordpress.andra.fr\/cfe-cgc\/963-2\/\">Assurance juridique<\/a><\/li>\n<li><a href=\"http:\/\/wordpress.andra.fr\/cfe-cgc\/formations-syndicales\/\">Les formations syndicales<\/a><\/li>\n<\/ul>\n<p>D&rsquo;autres dispositifs plus sp\u00e9cifiques sont disponibles sur le site de la f\u00e9d\u00e9ration :\u00a0<a href=\"https:\/\/www.metallurgie-cfecgc.com\/vos-services\">https:\/\/www.metallurgie-cfecgc.com\/vos-services<\/a><\/p>\n<p><strong>\u00a0<\/strong><\/p>\n<div class=\"accordion-title active\"><\/div>\n<div class=\"accordion-text\">\n<div class=\"field-content\"><\/div>\n<div class=\"accordion-title active\"><\/div>\n<div class=\"accordion-text\">\n<div class=\"field-content\">\n<div class=\"accordion-title active\"><\/div>\n<div class=\"accordion-text\"><\/div>\n<\/div>\n<\/div>\n<\/div>\n","protected":false},"excerpt":{"rendered":"<p>En tant qu\u2019adh\u00e9rent \u00e0 la CFE-CGC, votre adh\u00e9sion vous permet d\u2019avoir acc\u00e8s \u00e0 de nombreux avantages : Au niveau de la section Andra : la possibilit\u00e9 d&rsquo;avoir une information tr\u00e8s r\u00e9guli\u00e8res de toutes les actualit\u00e9s sociales dans l&rsquo;Entreprise la possibilit\u00e9 de n\u00e9gocier au nom de la CFE-CGC, sur les accords qui vous concerne particuli\u00e8rement si [&hellip;]<\/p>\n","protected":false},"author":1,"featured_media":0,"parent":0,"menu_order":0,"comment_status":"closed","ping_status":"closed","template":"","meta":{"footnotes":""},"class_list":["post-946","page","type-page","status-publish","hentry","entry"],"_links":{"self":[{"href":"https:\/\/cfecgc-andra.fr\/index.php\/wp-json\/wp\/v2\/pages\/946","targetHints":{"allow":["GET"]}}],"collection":[{"href":"https:\/\/cfecgc-andra.fr\/index.php\/wp-json\/wp\/v2\/pages"}],"about":[{"href":"https:\/\/cfecgc-andra.fr\/index.php\/wp-json\/wp\/v2\/types\/page"}],"author":[{"embeddable":true,"href":"https:\/\/cfecgc-andra.fr\/index.php\/wp-json\/wp\/v2\/users\/1"}],"replies":[{"embeddable":true,"href":"https:\/\/cfecgc-andra.fr\/index.php\/wp-json\/wp\/v2\/comments?post=946"}],"version-history":[{"count":1,"href":"https:\/\/cfecgc-andra.fr\/index.php\/wp-json\/wp\/v2\/pages\/946\/revisions"}],"predecessor-version":[{"id":1246,"href":"https:\/\/cfecgc-andra.fr\/index.php\/wp-json\/wp\/v2\/pages\/946\/revisions\/1246"}],"wp:attachment":[{"href":"https:\/\/cfecgc-andra.fr\/index.php\/wp-json\/wp\/v2\/media?parent=946"}],"curies":[{"name":"wp","href":"https:\/\/api.w.org\/{rel}","templated":true}]}}