{"id":952,"date":"2022-02-24T11:24:11","date_gmt":"2022-02-24T10:24:11","guid":{"rendered":"http:\/\/wordpress.andra.fr\/cfe-cgc\/?page_id=952"},"modified":"2023-01-25T10:34:23","modified_gmt":"2023-01-25T09:34:23","slug":"assistance-juridique","status":"publish","type":"page","link":"https:\/\/cfecgc-andra.fr\/index.php\/assistance-juridique\/","title":{"rendered":"Assistance juridique"},"content":{"rendered":"<div class=\"accordion-title active\"><\/div>\n<div><\/div>\n<div class=\"accordion-text\">\n<div class=\"field-content\">\n<p>En cas de conflits du travail, une assistance juridique est mise \u00e0 votre disposition\u00a0:<\/p>\n<ul>\n<li>conseils personnalis\u00e9s,<\/li>\n<li>acc\u00e8s aux formations juridiques,<\/li>\n<li>publications sp\u00e9cifiques<\/li>\n<\/ul>\n<p>Un certains nombre de fiches th\u00e9matiques sur le droit du travail sont disponible <a href=\"https:\/\/www.metallurgie-cfecgc.com\/actualites-juridiques\">ici<\/a><\/p>\n<p>Il est \u00e9galement possible de contacter nos juristes sp\u00e9cialistes du droit du travail sur des questions sp\u00e9cifiques :<\/p>\n<ul>\n<li><a href=\"mailto:sebastien.nolf@metallurgie-cfecgc.com\">sebastien.nolf@metallurgie-cfecgc.com<\/a><\/li>\n<li><a href=\"mailto:helene.hardy@metallurgie-cfecgc.com\">helene.hardy@metallurgie-cfecgc.com<\/a><\/li>\n<\/ul>\n<p>(bien pr\u00e9ciser votre num\u00e9ro d&rsquo;adh\u00e9rent dans votre demande).<\/p>\n<p><img loading=\"lazy\" decoding=\"async\" class=\"alignnone size-medium wp-image-1219\" src=\"https:\/\/cfecgc-andra.fr\/wp-content\/uploads\/2023\/01\/pexels-vural-yavas-14208025-234x300.jpg\" alt=\"\" width=\"234\" height=\"300\" srcset=\"https:\/\/cfecgc-andra.fr\/wp-content\/uploads\/2023\/01\/pexels-vural-yavas-14208025-234x300.jpg 234w, https:\/\/cfecgc-andra.fr\/wp-content\/uploads\/2023\/01\/pexels-vural-yavas-14208025-798x1024.jpg 798w, https:\/\/cfecgc-andra.fr\/wp-content\/uploads\/2023\/01\/pexels-vural-yavas-14208025-768x986.jpg 768w, https:\/\/cfecgc-andra.fr\/wp-content\/uploads\/2023\/01\/pexels-vural-yavas-14208025-1196x1536.jpg 1196w, https:\/\/cfecgc-andra.fr\/wp-content\/uploads\/2023\/01\/pexels-vural-yavas-14208025-1595x2048.jpg 1595w, https:\/\/cfecgc-andra.fr\/wp-content\/uploads\/2023\/01\/pexels-vural-yavas-14208025-scaled.jpg 1994w\" sizes=\"auto, (max-width: 234px) 100vw, 234px\" \/><\/p>\n<\/div>\n<\/div>\n","protected":false},"excerpt":{"rendered":"<p>En cas de conflits du travail, une assistance juridique est mise \u00e0 votre disposition\u00a0: conseils personnalis\u00e9s, acc\u00e8s aux formations juridiques, publications sp\u00e9cifiques Un certains nombre de fiches th\u00e9matiques sur le droit du travail sont disponible ici Il est \u00e9galement possible de contacter nos juristes sp\u00e9cialistes du droit du travail sur des questions sp\u00e9cifiques : sebastien.nolf@metallurgie-cfecgc.com [&hellip;]<\/p>\n","protected":false},"author":3,"featured_media":0,"parent":0,"menu_order":0,"comment_status":"closed","ping_status":"closed","template":"","meta":{"footnotes":""},"class_list":["post-952","page","type-page","status-publish","hentry","entry"],"_links":{"self":[{"href":"https:\/\/cfecgc-andra.fr\/index.php\/wp-json\/wp\/v2\/pages\/952","targetHints":{"allow":["GET"]}}],"collection":[{"href":"https:\/\/cfecgc-andra.fr\/index.php\/wp-json\/wp\/v2\/pages"}],"about":[{"href":"https:\/\/cfecgc-andra.fr\/index.php\/wp-json\/wp\/v2\/types\/page"}],"author":[{"embeddable":true,"href":"https:\/\/cfecgc-andra.fr\/index.php\/wp-json\/wp\/v2\/users\/3"}],"replies":[{"embeddable":true,"href":"https:\/\/cfecgc-andra.fr\/index.php\/wp-json\/wp\/v2\/comments?post=952"}],"version-history":[{"count":2,"href":"https:\/\/cfecgc-andra.fr\/index.php\/wp-json\/wp\/v2\/pages\/952\/revisions"}],"predecessor-version":[{"id":1220,"href":"https:\/\/cfecgc-andra.fr\/index.php\/wp-json\/wp\/v2\/pages\/952\/revisions\/1220"}],"wp:attachment":[{"href":"https:\/\/cfecgc-andra.fr\/index.php\/wp-json\/wp\/v2\/media?parent=952"}],"curies":[{"name":"wp","href":"https:\/\/api.w.org\/{rel}","templated":true}]}}