{"id":956,"date":"2022-02-24T11:24:58","date_gmt":"2022-02-24T10:24:58","guid":{"rendered":"http:\/\/wordpress.andra.fr\/cfe-cgc\/?page_id=956"},"modified":"2023-01-25T11:20:41","modified_gmt":"2023-01-25T10:20:41","slug":"soutien-scolaire","status":"publish","type":"page","link":"https:\/\/cfecgc-andra.fr\/index.php\/soutien-scolaire\/","title":{"rendered":"Soutien scolaire"},"content":{"rendered":"<div class=\"accordion-title active\">\n<div class=\"field-content\"><span style=\"font-weight: 300;\">La f\u00e9d\u00e9ration vous propose une aide aux devoirs scolaires pour les enfants et\/ou petits-enfants des adh\u00e9rents.<\/span><\/div>\n<\/div>\n<div class=\"accordion-text\">\n<div class=\"field-content\">\n<p><img loading=\"lazy\" decoding=\"async\" class=\"alignnone size-full wp-image-1242\" src=\"https:\/\/cfecgc-andra.fr\/wp-content\/uploads\/2023\/01\/PROF-EXPRESS-CLASSIP.jpg\" alt=\"\" width=\"200\" height=\"200\" srcset=\"https:\/\/cfecgc-andra.fr\/wp-content\/uploads\/2023\/01\/PROF-EXPRESS-CLASSIP.jpg 200w, https:\/\/cfecgc-andra.fr\/wp-content\/uploads\/2023\/01\/PROF-EXPRESS-CLASSIP-150x150.jpg 150w\" sizes=\"auto, (max-width: 200px) 100vw, 200px\" \/><\/p>\n<p><strong>Prof Express\u00a0<\/strong>est un service de\u00a0<strong>t\u00e9l\u00e9assistance par t\u00e9l\u00e9phone ou sur Internet qui propose une mise en relation directe avec un professeur particulier issu de l\u2019\u00c9ducation Nationale, pour de l\u2019aide aux devoirs.<\/strong><\/p>\n<p><strong>Parce qu\u2019aujourd\u2019hui, il est parfois difficile de concilier vie professionnelle et aide aux devoirs des enfants le soir, la f\u00e9d\u00e9ration de la M\u00e9tallurgie CFE-CGC pense \u00e0 vous en mettant \u00e0 votre disposition gratuitement un nouveau service d\u2019aide aux devoirs \u00e0 distance.<\/strong><\/p>\n<p><u><strong>Qui peut en b\u00e9n\u00e9ficier ?<\/strong><\/u><\/p>\n<p>Chaque enfant ou petit enfant d&rsquo;un adh\u00e9rent \u00e0 la M\u00e9tallurgie CFE-CGC<\/p>\n<p><u><strong>Comment savoir si je b\u00e9n\u00e9ficie du forfait Argent ou du forfait Or ?<\/strong><\/u><\/p>\n<p>Par d\u00e9faut, chaque adh\u00e9rent de la M\u00e9tallurgie CFE-CGC b\u00e9n\u00e9ficie du forfait Argent. Si vous \u00eates adh\u00e9rent de la M\u00e9tallurgie CFE-CGC et que vous b\u00e9n\u00e9ficiez au travers de votre entreprise ou de votre comit\u00e9 d&rsquo;entreprise du service Prof Express via un forfait d\u00e9couverte, bronze ou argent, vous b\u00e9n\u00e9ficierez automatiquement du forfait Or. Lorsque vous aurez finalis\u00e9 votre inscription au service, un op\u00e9rateur Prof Express vous contactera pour vous faire part des modalit\u00e9s du service et d\u00e9terminer la nature du forfait dont vous pouvez b\u00e9n\u00e9ficier.<\/p>\n<p><u><strong>Modalit\u00e9s du forfait Argent<\/strong><\/u><\/p>\n<ul>\n<li><strong>Mati\u00e8res propos\u00e9es<\/strong><\/li>\n<\/ul>\n<p><strong>&#8211;\u00a0<\/strong>Anglais<br \/>\n\u2010 Fran\u00e7ais<br \/>\n\u2010 Math\u00e9matiques<\/p>\n<ul>\n<li><strong>Niveaux scolaires propos\u00e9s<\/strong><\/li>\n<\/ul>\n<p>\u2010 Coll\u00e8ge \u2010 De la 6\u00e8me \u00e0 la 3\u00e8me \u2010 Brevet des coll\u00e8ges<br \/>\n\u2010 Lyc\u00e9e \u2010 De la seconde \u00e0 la terminale \u2010 Toutes fili\u00e8res \u2010 BAC<br \/>\n\u2010 Lyc\u00e9e professionnel \u2010 CAP \u2010 BEP \u2010 BAC PRO \u2010 Toutes fili\u00e8res<\/p>\n<ul>\n<li><strong>Permanence des enseignants<\/strong><\/li>\n<\/ul>\n<p>Du lundi au jeudi de 17h \u00e0 20h (arr\u00eat des permanences durant les mois de juillet et ao\u00fbt)<\/p>\n<p><strong>Modalit\u00e9s du forfait Or<\/strong><\/p>\n<ul>\n<li><strong>Mati\u00e8res propos\u00e9es<\/strong><\/li>\n<\/ul>\n<p>\u2010 Anglais<br \/>\n\u2010 Fran\u00e7ais<br \/>\n\u2010 Math\u00e9matiques<br \/>\n\u2010 Physique \/ Chimie<br \/>\n\u2010 SVT<br \/>\n&#8211; Histoire \/ G\u00e9ographie \/ Philosophie<\/p>\n<ul>\n<li><strong>Niveaux scolaires propos\u00e9s :<\/strong><\/li>\n<\/ul>\n<p>\u2010 Primaire \u2010 Du CP au CM2<br \/>\n\u2010 Coll\u00e8ge \u2010 De la 6\u00e8me \u00e0 la 3\u00e8me \u2010 Brevet des coll\u00e8ges<br \/>\n\u2010 Lyc\u00e9e \u2010 De la seconde \u00e0 la terminale \u2010 Toutes fili\u00e8res \u2010 BAC<br \/>\n\u2010 Lyc\u00e9e professionnel \u2010 CAP \u2010 BEP \u2010 BAC PRO \u2010 Toutes fili\u00e8res<\/p>\n<p>ATTENTION : pour les enfants \u00e9tant en classe de CP jusqu&rsquo;au CM2, ce sont les PARENTS qui doivent s&rsquo;inscrire eux-m\u00eames sur le site Prof Express et dialoguer directement avec les professeurs.<\/p>\n<ul>\n<li><strong>Permanence des enseignants<\/strong><\/li>\n<\/ul>\n<p>Du lundi au dimanche de 17h \u00e0 20h sauf le vendredi (arr\u00eat des permanences durant les mois de juillet et ao\u00fbt)<\/p>\n<h4><u>Comment b\u00e9n\u00e9ficier du service\u00a0?<\/u><\/h4>\n<p>Pour trouver le formulaire d&rsquo;inscription,\u00a0<a href=\"http:\/\/www.profexpress.com\/inscription\" target=\"_blank\" rel=\"noopener\">cliquez-ici.<\/a>\u00a0N&rsquo;oubliez pas de mentionner dans le formulaire que vous venez de l&rsquo;entreprise\u00a0<strong>M\u00e9tallurgie CFE-CGC<\/strong>\u00a0(C&rsquo;est l&rsquo;entit\u00e9 qui vous offre le service).<\/p>\n<p>Vous serez rappel\u00e9 par un op\u00e9rateur du service Prof Express qui \u00e9tudiera votre dossier afin de v\u00e9rifier de quel forfait vous pourrez b\u00e9n\u00e9ficier.<\/p>\n<\/div>\n<\/div>\n","protected":false},"excerpt":{"rendered":"<p>La f\u00e9d\u00e9ration vous propose une aide aux devoirs scolaires pour les enfants et\/ou petits-enfants des adh\u00e9rents. Prof Express\u00a0est un service de\u00a0t\u00e9l\u00e9assistance par t\u00e9l\u00e9phone ou sur Internet qui propose une mise en relation directe avec un professeur particulier issu de l\u2019\u00c9ducation Nationale, pour de l\u2019aide aux devoirs. Parce qu\u2019aujourd\u2019hui, il est parfois difficile de concilier vie [&hellip;]<\/p>\n","protected":false},"author":3,"featured_media":0,"parent":0,"menu_order":0,"comment_status":"closed","ping_status":"closed","template":"","meta":{"footnotes":""},"class_list":["post-956","page","type-page","status-publish","hentry","entry"],"_links":{"self":[{"href":"https:\/\/cfecgc-andra.fr\/index.php\/wp-json\/wp\/v2\/pages\/956","targetHints":{"allow":["GET"]}}],"collection":[{"href":"https:\/\/cfecgc-andra.fr\/index.php\/wp-json\/wp\/v2\/pages"}],"about":[{"href":"https:\/\/cfecgc-andra.fr\/index.php\/wp-json\/wp\/v2\/types\/page"}],"author":[{"embeddable":true,"href":"https:\/\/cfecgc-andra.fr\/index.php\/wp-json\/wp\/v2\/users\/3"}],"replies":[{"embeddable":true,"href":"https:\/\/cfecgc-andra.fr\/index.php\/wp-json\/wp\/v2\/comments?post=956"}],"version-history":[{"count":1,"href":"https:\/\/cfecgc-andra.fr\/index.php\/wp-json\/wp\/v2\/pages\/956\/revisions"}],"predecessor-version":[{"id":1243,"href":"https:\/\/cfecgc-andra.fr\/index.php\/wp-json\/wp\/v2\/pages\/956\/revisions\/1243"}],"wp:attachment":[{"href":"https:\/\/cfecgc-andra.fr\/index.php\/wp-json\/wp\/v2\/media?parent=956"}],"curies":[{"name":"wp","href":"https:\/\/api.w.org\/{rel}","templated":true}]}}